{"id":434,"date":"2024-07-25T14:28:06","date_gmt":"2024-07-25T14:28:06","guid":{"rendered":"https:\/\/sites.generatepress.com\/harmony\/?page_id=10"},"modified":"2025-04-16T12:36:12","modified_gmt":"2025-04-16T12:36:12","slug":"home","status":"publish","type":"page","link":"https:\/\/vending.dallmayr.hu\/","title":{"rendered":"Home"},"content":{"rendered":"\n<div class=\"gb-element-5ba50449\"><\/div>\n\n\n\n<div class=\"gb-element-95b690d2\">\n<h2 class=\"gb-text gb-text-32c23433\">Dallmayr Vending &amp; Office<\/h2>\n\n\n\n<h2 class=\"gb-text gb-text-6b05788f\">ital- \u00e9s \u00e9telautomat\u00e1k sz\u00e9les v\u00e1laszt\u00e9ka<\/h2>\n\n\n\n<p id=\"kapcsform\"><\/p>\n<\/div>\n\n\n\n<div class=\"gbp-section gb-element-e878b49b\">\n<div class=\"gbp-section__inner gb-element-9eeadb4d\">\n<div class=\"gb-element-6704165e\">\n<h2 class=\"gb-text gbp-section__headline gb-text-6d4ebd66\">Dallmayr Vending &amp; Office:<br>Fedezze fel megold\u00e1saink el\u0151nyeit!<\/h2>\n\n\n\n<div class=\"gb-text gbp-section__text gb-text-f03f2100\">Legyen sz\u00f3 kisv\u00e1llalatr\u00f3l, irod\u00e1r\u00f3l, ipari k\u00f6rnyezetr\u0151l vagy nagyv\u00e1llalatr\u00f3l \u2013 minden ig\u00e9nyhez megvan a megfelel\u0151 megold\u00e1sunk \u00e9s szolg\u00e1ltat\u00e1sunk.<\/div>\n\n\n\n<div class=\"gb-text gbp-section__text gb-text-0792e1aa\">K\u00e9szp\u00e9nzes, vagy k\u00e1rty\u00e1s megold\u00e1sokkal, dolgoz\u00f3i t\u00e1mogat\u00e1s lehet\u0151s\u00e9g\u00e9vel, applik\u00e1ci\u00f3s fizet\u00e9s \u00e9s kupon bev\u00e1lt\u00e1s b\u00e1rmely automat\u00e1n\u00e1l, b\u00e1rmely term\u00e9kk\u00f6rre.<\/div>\n\n\n\n<div class=\"gb-text gbp-section__text\">Teljesk\u00f6r\u0171 k\u00e1v\u00e9, snack, \u00fcd\u00edt\u0151 \u00e9s szendvics &nbsp;automata \u00e9s \u00fczemeltet\u00e9si megold\u00e1sokkal \u00e1llunk partnereink rendelkez\u00e9s\u00e9re, megrendel\u0151inkhez igaz\u00edtva, szem\u00e9lyre szabva.<\/div>\n<\/div>\n\n\n\n<div class=\"gb-element-c2254d7c image-container\">\n<div class=\"gb-element-ee980cb5\">\n<h4 class=\"gb-text\">H\u00edvja ingyenes forr\u00f3dr\u00f3tunkat: <a href=\"tel:3612971100\">+36-1-297-1100<\/a>, vagy ha k\u00e9nyelmesebb, k\u00fcldj\u00f6n nek\u00fcnk egy \u00fczenetet az al\u00e1bbi \u0171rlap seg\u00edts\u00e9g\u00e9vel:<\/h4>\n\n\n<div class='fluentform ff-default fluentform_wrapper_1  ff_guten_block ffs_default_wrap'><form data-form_id=\"1\" id=\"fluentform_1\" class=\"frm-fluent-form fluent_form_1 ff-el-form-top ff_form_instance_1_1 ff-form-loading ffs_default\" data-form_instance=\"ff_form_instance_1_1\" method=\"POST\" ><fieldset  style=\"border: none!important;margin: 0!important;padding: 0!important;background-color: transparent!important;box-shadow: none!important;outline: none!important; min-inline-size: 100%;\">\n                    <legend class=\"ff_screen_reader_title\" style=\"display: block; margin: 0!important;padding: 0!important;height: 0!important;text-indent: -999999px;width: 0!important;overflow:hidden;\">Dallmayr Horeca kontakt form<\/legend><input type='hidden' name='__fluent_form_embded_post_id' value='434' \/><input type=\"hidden\" id=\"_fluentform_1_fluentformnonce\" name=\"_fluentform_1_fluentformnonce\" value=\"ddf6cd9669\" \/><input type=\"hidden\" name=\"_wp_http_referer\" value=\"\/index.php\/wp-json\/wp\/v2\/pages\/434\" \/><div data-type=\"name-element\" data-name=\"names\" class=\" ff-field_container ff-name-field-wrapper\" ><div class='ff-t-container'><div class='ff-t-cell '><div class='ff-el-group  ff-el-form-hide_label'><div class=\"ff-el-input--label ff-el-is-required asterisk-right\"><label for='ff_1_names_first_name_' >Vezet\u00e9kn\u00e9v<\/label><\/div><div class='ff-el-input--content'><input type=\"text\" name=\"names[first_name]\" id=\"ff_1_names_first_name_\" class=\"ff-el-form-control\" placeholder=\"Vezet\u00e9kn\u00e9v*\" aria-invalid=\"false\" aria-required=true><\/div><\/div><\/div><div class='ff-t-cell '><div class='ff-el-group  ff-el-form-hide_label'><div class=\"ff-el-input--label ff-el-is-required asterisk-right\"><label for='ff_1_names_last_name_' >Keresztn\u00e9v<\/label><\/div><div class='ff-el-input--content'><input type=\"text\" name=\"names[last_name]\" id=\"ff_1_names_last_name_\" class=\"ff-el-form-control\" placeholder=\"Keresztn\u00e9v*\" aria-invalid=\"false\" aria-required=true><\/div><\/div><\/div><\/div><\/div><div data-name=\"ff_cn_id_1\"  class='ff-t-container ff-column-container ff_columns_total_2  '><div class='ff-t-cell ff-t-column-1' style='flex-basis: 50%;'><div class='ff-el-group ff-el-form-hide_label'><div class=\"ff-el-input--label ff-el-is-required asterisk-right\"><label for='ff_1_email' aria-label=\"Email\">Email<\/label><\/div><div class='ff-el-input--content'><input type=\"email\" name=\"email\" id=\"ff_1_email\" class=\"ff-el-form-control\" placeholder=\"E-mail c\u00edm*\" data-name=\"email\"  aria-invalid=\"false\" aria-required=true><\/div><\/div><\/div><div class='ff-t-cell ff-t-column-2' style='flex-basis: 50%;'><div class='ff-el-group ff-el-form-hide_label'><div class=\"ff-el-input--label ff-el-is-required asterisk-right\"><label for='ff_1_phone_1' aria-label=\"Telefon\">Telefon<\/label><\/div><div class='ff-el-input--content'><input name=\"phone_1\" class=\"ff-el-form-control ff-el-phone ff_el_with_extended_validation\" type=\"tel\" placeholder=\"Telefonsz\u00e1m*\" data-name=\"phone_1\" id=\"ff_1_phone_1\" inputmode=\"tel\"  aria-invalid='false' aria-required=true><\/div><\/div><\/div><\/div><div class='ff-el-group ff-el-form-hide_label'><div class=\"ff-el-input--label ff-el-is-required asterisk-right\"><label for='ff_1_input_text' aria-label=\"C\u00e9g\">C\u00e9g<\/label><\/div><div class='ff-el-input--content'><input type=\"text\" name=\"input_text\" class=\"ff-el-form-control\" placeholder=\"C\u00e9gn\u00e9v*\" data-name=\"input_text\" id=\"ff_1_input_text\"  aria-invalid=\"false\" aria-required=true><\/div><\/div><div class=\"ff-name-address-wrapper fluent-address\" data-type=\"address-element\" data-name=\"address_1\" ><div class='ff-el-input--content'><div class='ff-t-container'><div class='ff-t-cell'><div class='ff-el-group ff-el-form-hide_label'><div class=\"ff-el-input--label ff-el-is-required asterisk-right\"><label for='ff_1_address_1_zip_' aria-label=\"Ir\u00e1ny\u00edt\u00f3sz\u00e1m\">Ir\u00e1ny\u00edt\u00f3sz\u00e1m<\/label><\/div><div class='ff-el-input--content'><input type=\"text\" name=\"address_1[zip]\" id=\"ff_1_address_1_zip_\" class=\"ff-el-form-control\" placeholder=\"Ir\u00e1ny\u00edt\u00f3sz\u00e1m*\" data-key_name=\"zip\"  aria-invalid=\"false\" aria-required=true><\/div><\/div><\/div><div class='ff-t-cell'><div class='ff-el-group ff-el-form-hide_label'><div class=\"ff-el-input--label ff-el-is-required asterisk-right\"><label for='ff_1_address_1_city_' aria-label=\"V\u00e1ros\">V\u00e1ros<\/label><\/div><div class='ff-el-input--content'><input type=\"text\" name=\"address_1[city]\" id=\"ff_1_address_1_city_\" class=\"ff-el-form-control\" placeholder=\"V\u00e1ros*\" data-key_name=\"city\"  aria-invalid=\"false\" aria-required=true><\/div><\/div><\/div><\/div><\/div><\/div><div class='ff-el-group ff-el-form-hide_label'><div class=\"ff-el-input--label ff-el-is-required asterisk-right\"><label for='ff_1_message' aria-label=\"\u00dczenet\">\u00dczenet<\/label><\/div><div class='ff-el-input--content'><textarea aria-invalid=\"false\" aria-required=true name=\"message\" id=\"ff_1_message\" class=\"ff-el-form-control\" placeholder=\"Az \u00f6n \u00fczenete\" rows=\"4\" cols=\"2\" data-name=\"message\" ><\/textarea><\/div><\/div><div class='ff-el-group    ff-el-input--content'><div class='ff-el-form-check ff-el-tc'><label aria-label='Terms and Conditions: Elolvastam \u00e9s elfogadom az Adatkezel\u00e9si t\u00e1j\u00e9koztat\u00f3t. Contains 1 link. Use tab navigation to review.' class='ff-el-form-check-label ff_tc_label' for=gdpr-agreement_24933893f6a5f2903aa3e3342a92bbe7><span class='ff_tc_checkbox'><input type=\"checkbox\" name=\"gdpr-agreement\" class=\"ff-el-form-check-input ff_gdpr_field\" data-name=\"gdpr-agreement\" id=\"gdpr-agreement_24933893f6a5f2903aa3e3342a92bbe7\"  value='on' aria-invalid='false' aria-required=true><\/span> <div class='ff_t_c'>Elolvastam \u00e9s elfogadom az <a rel=\"noopener\" href=\"https:\/\/dallmayrshop.hu\/ugyfelportal\/pub\/media\/wysiwyg\/Adatkezele_si_ta_je_koztato__u_gyfe_l_re_sze_re_Alois_Dallmayr_Automaten-Service_Bt.pdf\" target=\"_blank\">Adatkezel\u00e9si t\u00e1j\u00e9koztat\u00f3t<\/a>.<\/div><\/label><\/div><\/div><div class='ff-el-group ff-text-left ff_submit_btn_wrapper'><button type=\"submit\" class=\"ff-btn ff-btn-submit ff-btn-lg ff_btn_style wpf_has_custom_css\" >K\u00dcLD\u00c9S<\/button><\/div><\/fieldset><\/form><div id='fluentform_1_errors' class='ff-errors-in-stack ff_form_instance_1_1 ff-form-loading_errors ff_form_instance_1_1_errors'><\/div><\/div>        <script type=\"text\/javascript\">\n            window.fluent_form_ff_form_instance_1_1 = {\"id\":\"1\",\"settings\":{\"layout\":{\"labelPlacement\":\"top\",\"helpMessagePlacement\":\"with_label\",\"errorMessagePlacement\":\"inline\",\"cssClassName\":\"\",\"asteriskPlacement\":\"asterisk-right\"},\"restrictions\":{\"denyEmptySubmission\":{\"enabled\":false}}},\"form_instance\":\"ff_form_instance_1_1\",\"form_id_selector\":\"fluentform_1\",\"rules\":{\"names[first_name]\":{\"required\":{\"value\":true,\"message\":\"Ez egy k\\u00f6telez\\u0151 mez\\u0151\",\"global\":true,\"global_message\":\"Ez egy k\\u00f6telez\\u0151 mez\\u0151\"}},\"names[middle_name]\":{\"required\":{\"value\":false,\"message\":\"This field is required\",\"global\":false,\"global_message\":\"Ez egy k\\u00f6telez\\u0151 mez\\u0151\"}},\"names[last_name]\":{\"required\":{\"value\":true,\"message\":\"Ez egy k\\u00f6telez\\u0151 mez\\u0151\",\"global\":true,\"global_message\":\"Ez egy k\\u00f6telez\\u0151 mez\\u0151\"}},\"email\":{\"required\":{\"value\":true,\"message\":\"This field is required\",\"global\":false,\"global_message\":\"Ez egy k\\u00f6telez\\u0151 mez\\u0151\"},\"email\":{\"value\":true,\"message\":\"A mez\\u0151nek \\u00e9rv\\u00e9nyes emailc\\u00edmet kell tartalmaznia\",\"global\":true,\"global_message\":\"A mez\\u0151nek \\u00e9rv\\u00e9nyes emailc\\u00edmet kell tartalmaznia\"}},\"phone_1\":{\"required\":{\"value\":true,\"global\":true,\"message\":\"Ez egy k\\u00f6telez\\u0151 mez\\u0151\",\"global_message\":\"Ez egy k\\u00f6telez\\u0151 mez\\u0151\"},\"valid_phone_number\":{\"value\":true,\"global\":true,\"message\":\"A telefonsz\\u00e1m nem \\u00e9rv\\u00e9nyes\",\"global_message\":\"A telefonsz\\u00e1m nem \\u00e9rv\\u00e9nyes\"}},\"input_text\":{\"required\":{\"value\":true,\"message\":\"Ez egy k\\u00f6telez\\u0151 mez\\u0151\",\"global_message\":\"Ez egy k\\u00f6telez\\u0151 mez\\u0151\",\"global\":true}},\"address_1[address_line_1]\":{\"required\":{\"value\":false,\"message\":\"Ez egy k\\u00f6telez\\u0151 mez\\u0151\",\"global_message\":\"Ez egy k\\u00f6telez\\u0151 mez\\u0151\",\"global\":true}},\"address_1[address_line_2]\":{\"required\":{\"value\":false,\"message\":\"Ez egy k\\u00f6telez\\u0151 mez\\u0151\",\"global_message\":\"Ez egy k\\u00f6telez\\u0151 mez\\u0151\",\"global\":true}},\"address_1[city]\":{\"required\":{\"value\":true,\"message\":\"Ez egy k\\u00f6telez\\u0151 mez\\u0151\",\"global_message\":\"Ez egy k\\u00f6telez\\u0151 mez\\u0151\",\"global\":true}},\"address_1[state]\":{\"required\":{\"value\":false,\"message\":\"Ez egy k\\u00f6telez\\u0151 mez\\u0151\",\"global_message\":\"Ez egy k\\u00f6telez\\u0151 mez\\u0151\",\"global\":true}},\"address_1[zip]\":{\"required\":{\"value\":true,\"message\":\"Ez egy k\\u00f6telez\\u0151 mez\\u0151\",\"global_message\":\"Ez egy k\\u00f6telez\\u0151 mez\\u0151\",\"global\":true}},\"address_1[country]\":{\"required\":{\"value\":false,\"message\":\"Ez egy k\\u00f6telez\\u0151 mez\\u0151\",\"global_message\":\"Ez egy k\\u00f6telez\\u0151 mez\\u0151\",\"global\":true}},\"message\":{\"required\":{\"value\":true,\"message\":\"Ez egy k\\u00f6telez\\u0151 mez\\u0151\",\"global\":true,\"global_message\":\"Ez egy k\\u00f6telez\\u0151 mez\\u0151\"}},\"gdpr-agreement\":{\"required\":{\"value\":true,\"message\":\"Ez egy k\\u00f6telez\\u0151 mez\\u0151\",\"global_message\":\"Ez egy k\\u00f6telez\\u0151 mez\\u0151\",\"global\":true}}},\"debounce_time\":300};\n                    <\/script>\n        <\/div>\n<\/div>\n<\/div>\n<\/div>\n\n\n\n<div class=\"gbp-section gb-element-860fbb26\">\n<div class=\"gbp-section__inner gb-element-e5741fea\">\n<div class=\"gb-element-c618bf4b\">\n<h2 class=\"gb-text gb-text-8bd341ee\">A Dallmayr mindent biztos\u00edt \u00d6nnek ahhoz, amire partner\u00fcnknek sz\u00fcks\u00e9ge van a t\u00f6k\u00e9letes k\u00e1v\u00e9 \u00e9lvezet\u00e9hez, Dallmayr min\u0151s\u00e9gben.<\/h2>\n<\/div>\n\n\n\n<div class=\"gb-element-b873094b image-container\">\n<ul class=\"wp-block-list has-base-3-color has-text-color has-link-color wp-elements-6505595da0cec9f1ca0f1cdc8e220c01\">\n<li>Helysz\u00edni felm\u00e9r\u00e9s \u00e9s \u00fcgyf\u00e9lre szabott szolg\u00e1ltat\u00e1si terv<\/li>\n\n\n\n<li>Ig\u00e9nyeknek megfelel\u0151 k\u00e1v\u00e9-, snack-, \u00fcd\u00edt\u0151-, szendvics- \u00e9s iv\u00f3v\u00edzautomat\u00e1k minden c\u00e9g sz\u00e1m\u00e1ra<\/li>\n\n\n\n<li>K\u00e9szp\u00e9nzes, bankk\u00e1rty\u00e1s, bel\u00e9ptet\u0151k\u00e1rty\u00e1s, applik\u00e1ci\u00f3s \u00e9s matric\u00e1s fizet\u00e9si megold\u00e1sok<\/li>\n\n\n\n<li>Teljes k\u00f6r\u0171 \u00fczemeltet\u00e9si szolg\u00e1ltat\u00e1s, online fel\u00fcgyelet, fogy\u00e1s alapj\u00e1n tervezett t\u00f6lt\u00e9s, ak\u00e1r napi t\u00f6bbsz\u00f6ri alkalommal<\/li>\n\n\n\n<li>Folyamatos min\u0151s\u00e9gellen\u0151rz\u00e9s \u00e9s term\u00e9kfejleszt\u00e9s<\/li>\n\n\n\n<li>Dolgoz\u00f3i t\u00e1mogat\u00e1si lehet\u0151s\u00e9g \u00f6sszegszer\u0171en, term\u00e9kben vagy kreditben meghat\u00e1rozva&nbsp;<\/li>\n<\/ul>\n<\/div>\n<\/div>\n<\/div>\n\n\n\n<div class=\"gbp-section gb-element-2d7f9b42\">\n<div class=\"gbp-section__inner gb-element-2e9fc84f\">\n<div class=\"gb-element-b67d4868\">\n<h2 class=\"gb-text gbp-section__headline gb-text-110c5a03\">Dallmayr Vending &amp; Office szolg\u00e1ltat\u00e1sok<\/h2>\n<\/div>\n\n\n\n<div class=\"gb-element-99611aac image-container\">\n<a class=\"gb-element-fa815cae\" href=\"https:\/\/dallmayrshop.hu\/vending-office\/kisebb-irodak\" target=\"_blank\" rel=\"noopener\">\n<h2 class=\"gb-text gb-text-98fba39c\"><strong>Kis iroda,<\/strong><br><strong>nagyszer\u0171 k\u00e1v\u00e9.<\/strong><\/h2>\n\n\n\n<p class=\"gb-text gb-text-49624e07\">Mi biztos\u00edtjuk a k\u00e1v\u00e9t \u2013 ak\u00e1r egy kis \u00fczletben is.<\/p>\n\n\n\n<h3 class=\"gb-text gb-text-db494782\"><strong>Kisebb irod\u00e1k<\/strong><\/h3>\n\n\n\n<p class=\"gb-text gb-text-9a8f2d6c\">20 alkalmazottig<\/p>\n<\/a>\n\n\n\n<a class=\"gb-element-a052e1fe\" href=\"https:\/\/dallmayrshop.hu\/vending-office\/kozepvallalkozasok\" target=\"_blank\" rel=\"noopener\">\n<h2 class=\"gb-text gb-text-61a2d1f7\"><strong>Minden irod\u00e1ban <\/strong><br><strong>m\u00e1s ig\u00e9nyeket kell kiszolg\u00e1lni.<\/strong><\/h2>\n\n\n\n<p class=\"gb-text gb-text-d095a26f\">Mindig t\u00f6k\u00e9letes k\u00e1v\u00e9 v\u00e1llalati k\u00f6rnyezetben is.<\/p>\n\n\n\n<h3 class=\"gb-text gb-text-589a6edd\"><strong>K\u00f6z\u00e9pv\u00e1llalkoz\u00e1sok<\/strong><\/h3>\n\n\n\n<p class=\"gb-text gb-text-4d5cd568\">20-100 alkalmazott<\/p>\n<\/a>\n\n\n\n<a class=\"gb-element-208426a0\" href=\"https:\/\/dallmayrshop.hu\/vending-office\/nagy-irodak-es-cegkozpontok\" target=\"_blank\" rel=\"noopener\">\n<h2 class=\"gb-text gb-text-16b393fa\"><strong>K\u00e1v\u00e9-, snack-,<\/strong> <strong>szendvics- \u00e9s \u00fcd\u00edt\u0151szolg\u00e1ltat\u00e1s.<\/strong><\/h2>\n\n\n\n<p class=\"gb-text gb-text-8c5fcbc0\">Professzion\u00e1lis automat\u00e1k partnereink sz\u00e1m\u00e1ra.<\/p>\n\n\n\n<h3 class=\"gb-text gb-text-51a29f09\"><strong>Nagy irod\u00e1k \u00e9s c\u00e9gk\u00f6zpontok<\/strong><\/h3>\n\n\n\n<p class=\"gb-text gb-text-16b7b80b\">t\u00f6bb mint 100 alkalmazott<\/p>\n<\/a>\n<\/div>\n<\/div>\n<\/div>\n\n\n\n<div class=\"gbp-section gb-element-d536bd8e\">\n<div class=\"gb-element-00100e09\">\n<div class=\"gb-element-28227c14\">\n<h2 class=\"gb-text gbp-section__headline gb-text-018b64a6\">Dallmayr Vending &amp; Office v\u00e1laszt\u00e9k:<\/h2>\n\n\n\n<ul class=\"wp-block-list\">\n<li>Asztali g\u00e9pek<\/li>\n\n\n\n<li>Melegital automat\u00e1k<\/li>\n\n\n\n<li>\u00dcd\u00edt\u0151ital automat\u00e1k<\/li>\n\n\n\n<li>Snack automat\u00e1k<\/li>\n\n\n\n<li>K\u00e1v\u00e9, tea, kieg\u00e9sz\u00edt\u0151k<\/li>\n<\/ul>\n\n\n\n<h2 class=\"gb-text gbp-section__headline gb-text-19f52fba\">Dallmayr Vending &amp; Office szolg\u00e1ltat\u00e1sok:<\/h2>\n\n\n\n<ul class=\"wp-block-list\">\n<li>Szem\u00e9lyes aj\u00e1nlat<\/li>\n\n\n\n<li>Tan\u00e1csad\u00e1s<\/li>\n\n\n\n<li>Szerviz \u00e9s ell\u00e1t\u00e1s<\/li>\n\n\n\n<li>V\u00e1ltozatos fizet\u00e9si lehet\u0151s\u00e9gek<\/li>\n<\/ul>\n\n\n\n<a class=\"gb-text gb-text-374e77a8\" href=\"https:\/\/dallmayrshop.hu\/horeca\" target=\"_blank\" rel=\"noopener\">ismerje meg r\u00e9szletesen dallmayr vending &amp; office v\u00e1laszt\u00e9kunkat \u00e9s szolg\u00e1ltat\u00e1sainkat!<\/a>\n<\/div>\n<\/div>\n\n\n\n<div class=\"hero-image-fit gb-element-09497115\">\n<img loading=\"lazy\" decoding=\"async\" width=\"657\" height=\"600\" class=\"gb-media-276342ee\" src=\"https:\/\/vending.dallmayr.hu\/wp-content\/uploads\/2025\/02\/144aab14c211a8e1044ba9211084088d.png\" title=\"144aab14c211a8e1044ba9211084088d\" srcset=\"https:\/\/vending.dallmayr.hu\/wp-content\/uploads\/2025\/02\/144aab14c211a8e1044ba9211084088d.png 657w, https:\/\/vending.dallmayr.hu\/wp-content\/uploads\/2025\/02\/144aab14c211a8e1044ba9211084088d-300x274.png 300w\" sizes=\"auto, (max-width: 657px) 100vw, 657px\" \/>\n<\/div>\n<\/div>\n\n\n\n<p><\/p>\n","protected":false},"excerpt":{"rendered":"<p>Dallmayr Vending &amp; Office ital- \u00e9s \u00e9telautomat\u00e1k sz\u00e9les v\u00e1laszt\u00e9ka Dallmayr Vending &amp; Office:Fedezze fel megold\u00e1saink el\u0151nyeit! Legyen sz\u00f3 kisv\u00e1llalatr\u00f3l, irod\u00e1r\u00f3l, ipari k\u00f6rnyezetr\u0151l vagy nagyv\u00e1llalatr\u00f3l \u2013 minden ig\u00e9nyhez megvan a megfelel\u0151 megold\u00e1sunk \u00e9s szolg\u00e1ltat\u00e1sunk. K\u00e9szp\u00e9nzes, vagy k\u00e1rty\u00e1s megold\u00e1sokkal, dolgoz\u00f3i t\u00e1mogat\u00e1s lehet\u0151s\u00e9g\u00e9vel, applik\u00e1ci\u00f3s fizet\u00e9s \u00e9s kupon bev\u00e1lt\u00e1s b\u00e1rmely automat\u00e1n\u00e1l, b\u00e1rmely term\u00e9kk\u00f6rre. Teljesk\u00f6r\u0171 k\u00e1v\u00e9, snack, \u00fcd\u00edt\u0151 \u00e9s szendvics &#8230; <a title=\"Home\" class=\"read-more\" href=\"https:\/\/vending.dallmayr.hu\/\" aria-label=\"Read more about Home\">Olvass tov\u00e1bb<\/a><\/p>\n","protected":false},"author":1,"featured_media":0,"parent":0,"menu_order":0,"comment_status":"closed","ping_status":"closed","template":"","meta":{"footnotes":""},"class_list":["post-434","page","type-page","status-publish"],"_links":{"self":[{"href":"https:\/\/vending.dallmayr.hu\/index.php\/wp-json\/wp\/v2\/pages\/434","targetHints":{"allow":["GET"]}}],"collection":[{"href":"https:\/\/vending.dallmayr.hu\/index.php\/wp-json\/wp\/v2\/pages"}],"about":[{"href":"https:\/\/vending.dallmayr.hu\/index.php\/wp-json\/wp\/v2\/types\/page"}],"author":[{"embeddable":true,"href":"https:\/\/vending.dallmayr.hu\/index.php\/wp-json\/wp\/v2\/users\/1"}],"replies":[{"embeddable":true,"href":"https:\/\/vending.dallmayr.hu\/index.php\/wp-json\/wp\/v2\/comments?post=434"}],"version-history":[{"count":238,"href":"https:\/\/vending.dallmayr.hu\/index.php\/wp-json\/wp\/v2\/pages\/434\/revisions"}],"predecessor-version":[{"id":999,"href":"https:\/\/vending.dallmayr.hu\/index.php\/wp-json\/wp\/v2\/pages\/434\/revisions\/999"}],"wp:attachment":[{"href":"https:\/\/vending.dallmayr.hu\/index.php\/wp-json\/wp\/v2\/media?parent=434"}],"curies":[{"name":"wp","href":"https:\/\/api.w.org\/{rel}","templated":true}]}}